{"id":119,"date":"2014-01-11T18:02:35","date_gmt":"2014-01-11T17:02:35","guid":{"rendered":"http:\/\/asv.teraz.de\/blog\/?page_id=119"},"modified":"2025-11-25T17:07:09","modified_gmt":"2025-11-25T16:07:09","slug":"index","status":"publish","type":"page","link":"https:\/\/asv.teraz.de\/blog\/index\/","title":{"rendered":"ASV-Team \u00dcberblick"},"content":{"rendered":"<p>Willkommen auf der Website der Freizeitmannschaft ASV, Stuttgart-Kaltental.<\/p>\n<p><a href=\"http:\/\/asv.teraz.de\/blog\/wp-content\/uploads\/2025\/04\/20200919_Meister_ASV.png\" target=\"_top\" rel=\"noopener noreferrer\"> <img decoding=\"async\" class=\"\" src=\"http:\/\/asv.teraz.de\/blog\/wp-content\/uploads\/2025\/04\/20200919_Meister_ASV.png\" alt=\"ASV-Team 2020\" \/> <\/a><\/p>\n<p>Wir sind eine bunt gemischte, alternative Hobbytruppe verschiedener Nationalit\u00e4ten und Spieler zwischen 20 und 65 Jahren. Kultur und Sport geh\u00f6ren f\u00fcr uns zusammen.<\/p>\n<p>In seinem mittlerweile 30-j\u00e4hrigen Bestehen hat der ASV unter anderem die <a href=\"https:\/\/stadtligastuttgart.de\">Stadtliga Stuttgart<\/a>, eine Fu\u00dfball-Hobbyrunde, die seit 1995 jedes Jahr in den Sommermonaten mit mehreren Mannschaften in Stuttgart stattfindet und den Alternative Worldcup (seit 1992) mit Teams aus verschiedenen L\u00e4ndern Europas mitgegr\u00fcndet.<\/p>\n<p>Wir kicken jeden Montag ab 20:00 Uhr auf dem Kunstrasenplatz des VfL-Kaltental. Seit Juli 2025 k\u00f6nnen wir wieder Spieler aufnehmen. Wenn du mit uns Kontakt aufnehmen oder mitkicken willst, melde dich \u00fcber das <a href=\"http:\/\/asv.teraz.de\/blog\/?page_id=114\">Kontakt-Formular<\/a>. Wir bitten vorab um Verst\u00e4ndnis, dass die Antwort ein paar Tage dauern kann.<\/p>\n<blockquote>\n<p>\u00abF\u00fcr alle Zuschauer, die erst jetzt eingeschaltet haben: <br \/>Das erste Tor ist schon gefallen!\u00bb<br \/>(G\u00fcnter Jauch beim legend\u00e4ren Spiel Real Madrid &#8211; Borussia Dortmund,<br \/>nachdem dort das Tor umgekippt war.)<\/p>\n<\/blockquote>\n\n\n<div class=\"wp-block-image\"><figure class=\"aligncenter size-large\"><img decoding=\"async\" src=\"http:\/\/asv.teraz.de\/blog\/wp-content\/uploads\/2014\/01\/asvblog_qrcode.png\" alt=\"\" class=\"wp-image-217\"><figcaption>QR-Code zum ASV-Blog<\/figcaption><\/figure><\/div>\n\n\n\n<p><\/p>\n\n\n\n<figure class=\"wp-block-image size-large\"><img decoding=\"async\" src=\"http:\/\/asv.teraz.de\/blog\/wp-content\/uploads\/2020\/08\/belgien2015a2-1024x288.jpg\" alt=\"\" class=\"wp-image-1306\"><figcaption>Die <a href=\"http:\/\/asv.teraz.de\/blog\/internationales-turnier-in-belgien\/\">Geschichte<\/a> zum Header-Bild.<\/figcaption><\/figure>\n\n\n\n<p><\/p>\n","protected":false},"excerpt":{"rendered":"<p>Willkommen auf der Website der Freizeitmannschaft ASV, Stuttgart-Kaltental. Wir sind eine bunt gemischte, alternative Hobbytruppe verschiedener Nationalit\u00e4ten und Spieler zwischen 20 und 65 Jahren. Kultur&hellip; <\/p>\n<p><a href=\"https:\/\/asv.teraz.de\/blog\/index\/\" class=\"more-link\">Continue reading &rarr; <span class=\"screen-reader-text\">ASV-Team \u00dcberblick<\/span><\/a><\/p>\n","protected":false},"author":1,"featured_media":0,"parent":0,"menu_order":0,"comment_status":"closed","ping_status":"open","template":"","meta":{"footnotes":""},"class_list":["post-119","page","type-page","status-publish","hentry"],"_links":{"self":[{"href":"https:\/\/asv.teraz.de\/blog\/wp-json\/wp\/v2\/pages\/119","targetHints":{"allow":["GET"]}}],"collection":[{"href":"https:\/\/asv.teraz.de\/blog\/wp-json\/wp\/v2\/pages"}],"about":[{"href":"https:\/\/asv.teraz.de\/blog\/wp-json\/wp\/v2\/types\/page"}],"author":[{"embeddable":true,"href":"https:\/\/asv.teraz.de\/blog\/wp-json\/wp\/v2\/users\/1"}],"replies":[{"embeddable":true,"href":"https:\/\/asv.teraz.de\/blog\/wp-json\/wp\/v2\/comments?post=119"}],"version-history":[{"count":10,"href":"https:\/\/asv.teraz.de\/blog\/wp-json\/wp\/v2\/pages\/119\/revisions"}],"predecessor-version":[{"id":2132,"href":"https:\/\/asv.teraz.de\/blog\/wp-json\/wp\/v2\/pages\/119\/revisions\/2132"}],"wp:attachment":[{"href":"https:\/\/asv.teraz.de\/blog\/wp-json\/wp\/v2\/media?parent=119"}],"curies":[{"name":"wp","href":"https:\/\/api.w.org\/{rel}","templated":true}]}}