{"id":1375,"date":"2020-09-07T15:12:40","date_gmt":"2020-09-07T14:12:40","guid":{"rendered":"http:\/\/asv.teraz.de\/blog\/?page_id=1375"},"modified":"2022-12-11T18:13:17","modified_gmt":"2022-12-11T17:13:17","slug":"team-2019","status":"publish","type":"page","link":"https:\/\/asv.teraz.de\/blog\/team\/team-2019\/","title":{"rendered":"Team 2019"},"content":{"rendered":"<h5>Das Team 2019<\/h5>\n<p>39 Spieler<\/p>\n<table border=\"1\">\n<tbody>\n<tr class=\"tor\">\n<td><strong>Tor<\/strong><\/td>\n<td><img loading=\"lazy\" decoding=\"async\" src=\"http:\/\/asv.teraz.de\/pictures\/spieler\/Cian.jpg\" alt=\"\" width=\"100\" height=\"120\" border=\"0\"><\/td>\n<td><strong>Cian<\/strong><br \/>\nTor<br \/>\nASV-Deb\u00fct: 2019<\/p>\n<p>Stadtliga-Spiele 2019: 2<\/td>\n<\/tr>\n<tr class=\"tor\">\n<td><strong>Tor<\/strong><\/td>\n<td><img loading=\"lazy\" decoding=\"async\" src=\"http:\/\/asv.teraz.de\/pictures\/spieler\/Dominik.jpg\" alt=\"\" width=\"100\" height=\"120\" border=\"0\"><\/td>\n<td><strong>Dominik<\/strong><br \/>\nTor<br \/>\nASV-Deb\u00fct: 2019<\/p>\n<p>Stadtliga-Spiele 2019: 1<\/td>\n<\/tr>\n<tr class=\"tor\">\n<td><strong>Tor<\/strong><\/td>\n<td><img loading=\"lazy\" decoding=\"async\" src=\"http:\/\/asv.teraz.de\/pictures\/spieler\/MaxF.jpg\" alt=\"\" width=\"100\" height=\"120\" border=\"0\"><\/td>\n<td><strong>Max<\/strong><br \/>\nTor<br \/>\nASV-Deb\u00fct: 2019<\/p>\n<p>Stadtliga-Spiele 2019: 0<br \/>\nSpieler Alternative Worldcup<\/td>\n<\/tr>\n<tr class=\"abwehr\">\n<td><strong>Abwehr<\/strong><\/td>\n<td><img loading=\"lazy\" decoding=\"async\" src=\"http:\/\/asv.teraz.de\/pictures\/spieler\/Armin.jpg\" alt=\"\" width=\"100\" height=\"120\" border=\"0\"><\/td>\n<td><strong>Armin<\/strong><br \/>\nCo-Trainer, Defensiv-Allrounder<br \/>\nASV-Deb\u00fct: 2004<\/p>\n<p>Stadtliga-Spiele 2019: 2<br \/>\nSpieler Alternative Worldcup<\/td>\n<\/tr>\n<tr class=\"abwehr\">\n<td><strong>Abwehr<\/strong><\/td>\n<td><img loading=\"lazy\" decoding=\"async\" src=\"http:\/\/asv.teraz.de\/pictures\/spieler\/Arne.jpg\" alt=\"\" width=\"100\" height=\"120\" border=\"0\"><\/td>\n<td><strong>Arne<\/strong><br \/>\nAu\u00dfenbahn, Tor<br \/>\nASV-Deb\u00fct: 2019<\/p>\n<p>Stadtliga-Spiele 2019: 5<br \/>\n1 Tor<\/td>\n<\/tr>\n<tr class=\"abwehr\">\n<td><strong>Abwehr<\/strong><\/td>\n<td><img decoding=\"async\" src=\"http:\/\/asv.teraz.de\/pictures\/spieler\/Clemens.jpg\" alt=\"\"><\/td>\n<td><strong>Clemens<\/strong><br \/>\nAbwehr-Allrounder<br \/>\nASV-Deb\u00fct: 2010<\/p>\n<p>Stadtliga-Spiele 2019: 5<\/td>\n<\/tr>\n<tr class=\"abwehr\">\n<td><strong>Abwehr<\/strong><\/td>\n<td><img decoding=\"async\" src=\"http:\/\/asv.teraz.de\/pictures\/spieler\/David.jpg\" alt=\"\"><\/td>\n<td><strong>David K.<\/strong><br \/>\nAbwehr, Mittelfeld<br \/>\nASV-Deb\u00fct: 2016<\/p>\n<p>Stadtliga-Spiele 2019: 2<\/td>\n<\/tr>\n<tr class=\"abwehr\">\n<td><strong>Abwehr<\/strong><\/td>\n<td><img decoding=\"async\" src=\"http:\/\/asv.teraz.de\/pictures\/spieler\/Ebi.jpg\" alt=\"\"><\/td>\n<td><strong>Ebi N.<\/strong><br \/>\nlinke Abwehr<br \/>\nASV-Deb\u00fct: 2009<\/p>\n<p>Stadtliga-Spiele 2019: 6<\/td>\n<\/tr>\n<tr class=\"abwehr\">\n<td><strong>Abwehr<\/strong><\/td>\n<td><img decoding=\"async\" src=\"http:\/\/asv.teraz.de\/pictures\/spieler\/Flo.jpg\" alt=\"\"><\/td>\n<td><strong>Flo<\/strong><br \/>\nlinke Abwehr, linke Au\u00dfenbahn<br \/>\nASV-Deb\u00fct: 2014<\/p>\n<p>Stadtliga-Spiele 2019: 0<br \/>\nSpieler Alternative Worldcup<\/td>\n<\/tr>\n<tr class=\"abwehr\">\n<td><strong>Abwehr<\/strong><\/td>\n<td><img loading=\"lazy\" decoding=\"async\" src=\"http:\/\/asv.teraz.de\/pictures\/spieler\/Goetz.jpg\" alt=\"\" width=\"100\" height=\"120\" border=\"0\"><\/td>\n<td><strong>G\u00f6tz<\/strong><br \/>\nInnenverteidigung<br \/>\nASV-Deb\u00fct: 2011<\/p>\n<p>Stadtliga-Spiele 2019: 4<\/td>\n<\/tr>\n<tr class=\"abwehr\">\n<td><strong>Abwehr<\/strong><\/td>\n<td><img loading=\"lazy\" decoding=\"async\" src=\"http:\/\/asv.teraz.de\/pictures\/spieler\/Hannes.jpg\" alt=\"\" width=\"100\" height=\"120\" border=\"0\"><\/td>\n<td><strong>Hannes<\/strong><br \/>\nInnenverteidigung, rechte Au\u00dfenbahn, Tor<br \/>\nASV-Deb\u00fct: 2017<\/p>\n<p>Stadtliga-Spiele 2019: 2<br \/>\nSpieler Alternative Worldcup<\/td>\n<\/tr>\n<tr class=\"abwehr\">\n<td><strong>Abwehr<\/strong><\/td>\n<td><img decoding=\"async\" src=\"http:\/\/asv.teraz.de\/pictures\/spieler\/Henrique.jpg\" alt=\"\"><\/td>\n<td><strong>Henrique<\/strong><br \/>\nDefensiv-Allrounder<br \/>\nASV-Deb\u00fct: 2019<\/p>\n<p>Stadtliga-Spiele 2019: 3<br \/>\n1 Tor<br \/>\nSpieler Alternative Worldcup<\/td>\n<\/tr>\n<tr class=\"abwehr\">\n<td><strong>Abwehr<\/strong><\/td>\n<td><img decoding=\"async\" src=\"http:\/\/asv.teraz.de\/pictures\/spieler\/Liam.jpg\" alt=\"\"><\/td>\n<td><strong>Liam<\/strong><br \/>\nCo-Trainer, linke Abwehr<br \/>\nASV-Deb\u00fct: 1996<\/p>\n<p>Stadtliga-Spiele 2019: 3<br \/>\nSpieler Alternative Worldcup<\/td>\n<\/tr>\n<tr class=\"abwehr\">\n<td><strong>Abwehr<\/strong><\/td>\n<td><img loading=\"lazy\" decoding=\"async\" src=\"http:\/\/asv.teraz.de\/pictures\/spieler\/KeinBild2.png\" alt=\"\" width=\"100\" height=\"120\" border=\"0\"><\/td>\n<td><strong>Manuel<\/strong><br \/>\nAllrounder<br \/>\nASV-Deb\u00fct: 2019<\/p>\n<p>Stadtliga-Spiele 2019: 1<\/td>\n<\/tr>\n<tr class=\"abwehr\">\n<td><strong>Abwehr<\/strong><\/td>\n<td><img loading=\"lazy\" decoding=\"async\" src=\"http:\/\/asv.teraz.de\/pictures\/spieler\/MatthiasB.jpg\" alt=\"\" width=\"100\" height=\"120\" border=\"0\"><\/td>\n<td><strong>Matthias<\/strong><br \/>\nInnenverteidigung, 6er<br \/>\nASV-Deb\u00fct: 2013<\/p>\n<p>Stadtliga-Spiele 2019: 0<\/td>\n<\/tr>\n<tr class=\"abwehr\">\n<td><strong>Abwehr<\/strong><\/td>\n<td><img decoding=\"async\" src=\"http:\/\/asv.teraz.de\/pictures\/spieler\/Maxi.jpg\" alt=\"\"><\/td>\n<td><strong>Maxi<\/strong><br \/>\nAbwehr, Mittelfeld<br \/>\nASV-Deb\u00fct: 2019<\/p>\n<p>Stadtliga-Spiele 2019: 5<br \/>\n1 Tor<br \/>\nSpieler Alternative Worldcup<\/td>\n<\/tr>\n<tr class=\"abwehr\">\n<td><strong>Abwehr<\/strong><\/td>\n<td><img decoding=\"async\" src=\"http:\/\/asv.teraz.de\/pictures\/spieler\/Nino.jpg\" alt=\"\"><\/td>\n<td><strong>Nino<\/strong><br \/>\nlinke und rechte Au\u00dfenbahn<br \/>\nASV-Deb\u00fct: 2015<\/p>\n<p>Stadtliga-Spiele 2019: 1<\/td>\n<\/tr>\n<tr class=\"mittelfeld\">\n<td><strong>Mittelfeld<\/strong><\/td>\n<td><img loading=\"lazy\" decoding=\"async\" src=\"http:\/\/asv.teraz.de\/pictures\/spieler\/ChrisG.jpg\" alt=\"\" width=\"100\" height=\"120\" border=\"0\"><\/td>\n<td><strong>Chris G.<\/strong><br \/>\nAllrounder<br \/>\nASV-Deb\u00fct: 2018<\/p>\n<p>Stadtliga-Spiele 2019: 1<br \/>\n2 Tore<\/td>\n<\/tr>\n<tr class=\"mittelfeld\">\n<td><strong>Mittelfeld<\/strong><\/td>\n<td><img loading=\"lazy\" decoding=\"async\" src=\"http:\/\/asv.teraz.de\/pictures\/spieler\/Chris.jpg\" alt=\"\" width=\"100\" height=\"120\" border=\"0\"><\/td>\n<td><strong>Chris N.<\/strong><br \/>\noffensive Au\u00dfenbahn<br \/>\nASV-Deb\u00fct: 2013<\/p>\n<p>Stadtliga-Spiele 2019: 4<\/td>\n<\/tr>\n<tr class=\"mittelfeld\">\n<td><strong>Mittelfeld<\/strong><\/td>\n<td><img decoding=\"async\" src=\"http:\/\/asv.teraz.de\/pictures\/spieler\/DavidG.jpg\" alt=\"\"><\/td>\n<td><strong>David G.<\/strong><br \/>\noffensive Au\u00dfenbahn<br \/>\nASV-Deb\u00fct: 2018<\/p>\n<p>Stadtliga-Spiele 2019: 6<br \/>\n7 Tore<br \/>\nSpieler Alternative Worldcup<\/td>\n<\/tr>\n<tr class=\"mittelfeld\">\n<td><strong>Mittelfeld<\/strong><\/td>\n<td><img decoding=\"async\" src=\"http:\/\/asv.teraz.de\/pictures\/spieler\/Fred.jpg\" alt=\"\"><\/td>\n<td><strong>Fred<\/strong><br \/>\nAllrounder<br \/>\nASV-Deb\u00fct: 2015<\/p>\n<p>Stadtliga-Spiele 2019: 3<br \/>\n1 Tor<\/td>\n<\/tr>\n<tr class=\"mittelfeld\">\n<td><strong>Mittelfeld<\/strong><\/td>\n<td><img decoding=\"async\" src=\"http:\/\/asv.teraz.de\/pictures\/spieler\/Freddi.jpg\" alt=\"\"><\/td>\n<td><strong>Freddi<\/strong><br \/>\nMittelfeld<br \/>\nASV-Deb\u00fct: 2017<\/p>\n<p>Stadtliga-Spiele 2019: 0 <img decoding=\"async\" title=\"verletzt\" src=\"http:\/\/asv.teraz.de\/images\/verletzt24.gif\" alt=\"verletzt\"><\/td>\n<\/tr>\n<tr class=\"mittelfeld\">\n<td><strong>Mittelfeld<\/strong><\/td>\n<td><img decoding=\"async\" src=\"http:\/\/asv.teraz.de\/pictures\/spieler\/Gregor.jpg\" alt=\"\"><\/td>\n<td><strong>Gregor<\/strong><br \/>\nMittelfeld<br \/>\nASV-Deb\u00fct: 2017<\/p>\n<p>Stadtliga-Spiele 2019: 2<br \/>\n1 Tor<br \/>\nSpieler Alternative Worldcup<\/td>\n<\/tr>\n<tr class=\"mittelfeld\">\n<td><strong>Mittelfeld<\/strong><\/td>\n<td><img decoding=\"async\" src=\"http:\/\/asv.teraz.de\/pictures\/spieler\/Isi.jpg\" alt=\"\"><\/td>\n<td><strong>Isi<\/strong><br \/>\nzentrales Mittelfeld<br \/>\nASV-Deb\u00fct: 2018<\/p>\n<p>Stadtliga-Spiele 2019: 6<br \/>\nSpieler Alternative Worldcup<\/td>\n<\/tr>\n<tr class=\"mittelfeld\">\n<td><strong>Mittelfeld<\/strong><\/td>\n<td><img decoding=\"async\" src=\"http:\/\/asv.teraz.de\/pictures\/spieler\/Lasse.jpg\" alt=\"\"><\/td>\n<td><strong>Lasse<\/strong><br \/>\nAu\u00dfenbahn<br \/>\nASV-Deb\u00fct: 2018<\/p>\n<p>Stadtliga-Spiele 2019: 2<br \/>\n1 Tor<\/td>\n<\/tr>\n<tr class=\"mittelfeld\">\n<td><strong>Mittelfeld<\/strong><\/td>\n<td><img decoding=\"async\" src=\"http:\/\/asv.teraz.de\/pictures\/spieler\/KeinBild2.png\" alt=\"\"><\/td>\n<td><strong>Luca<\/strong><br \/>\nAu\u00dfenbahn<br \/>\nASV-Deb\u00fct: 2019<\/p>\n<p>Stadtliga-Spiele 2019: 5<br \/>\n5 Tore<\/td>\n<\/tr>\n<tr class=\"mittelfeld\">\n<td><strong>Mittelfeld<\/strong><\/td>\n<td><img loading=\"lazy\" decoding=\"async\" src=\"http:\/\/asv.teraz.de\/pictures\/spieler\/Murat.jpg\" alt=\"\" width=\"100\" height=\"120\" border=\"0\"><\/td>\n<td><strong>Murat<\/strong><br \/>\noffensives Mittelfeld<br \/>\nASV-Deb\u00fct: 2009<\/p>\n<p>Stadtliga-Spiele 2019: 3<br \/>\n3 Tore<\/td>\n<\/tr>\n<tr class=\"mittelfeld\">\n<td><strong>Mittelfeld<\/strong><\/td>\n<td><img decoding=\"async\" src=\"http:\/\/asv.teraz.de\/pictures\/spieler\/KeinBild2.png\" alt=\"\"><\/td>\n<td><strong>Rouven<\/strong><br \/>\nAu\u00dfenbahn<br \/>\nASV-Deb\u00fct: 2018<\/p>\n<p>Stadtliga-Spiele 2019: 2<\/td>\n<\/tr>\n<tr class=\"mittelfeld\">\n<td><strong>Mittelfeld<\/strong><\/td>\n<td><img loading=\"lazy\" decoding=\"async\" src=\"http:\/\/asv.teraz.de\/pictures\/spieler\/StephanW\" width=\"100\" height=\"120\"><\/td>\n<td><strong>Stephan W.<\/strong><br \/>\nMittelfeld, Abwehr<br \/>\nASV-Deb\u00fct: 2017<\/p>\n<p>Stadtliga-Spiele 2019: 4<br \/>\nSpieler Alternative Worldcup<\/td>\n<\/tr>\n<tr class=\"mittelfeld\">\n<td><strong>Mittelfeld<\/strong><\/td>\n<td><img loading=\"lazy\" decoding=\"async\" src=\"http:\/\/asv.teraz.de\/pictures\/spieler\/ThomasW.jpg\" alt=\"\" width=\"100\" height=\"120\" border=\"0\"><\/td>\n<td><strong>Thomas S.<\/strong><br \/>\nAllrounder<br \/>\nASV-Deb\u00fct: 2010<\/p>\n<p>Stadtliga-Spiele 2019: 0 <img decoding=\"async\" title=\"verletzt\" src=\"http:\/\/asv.teraz.de\/images\/verletzt24.gif\" alt=\"verletzt\"><\/td>\n<\/tr>\n<tr class=\"mittelfeld\">\n<td><strong>Mittelfeld<\/strong><\/td>\n<td><img decoding=\"async\" src=\"http:\/\/asv.teraz.de\/pictures\/spieler\/Vinz.jpg\" alt=\"\"><\/td>\n<td><strong>Vinz<\/strong><br \/>\noffensive Au\u00dfenbahn, Sturm<br \/>\nASV-Deb\u00fct: 2017<\/p>\n<p>Stadtliga-Spiele 2019: 2<br \/>\n1 Tor<br \/>\nSpieler Alternative Worldcup<\/td>\n<\/tr>\n<tr class=\"mittelfeld\">\n<td><strong>Mittelfeld<\/strong><\/td>\n<td><img decoding=\"async\" src=\"http:\/\/asv.teraz.de\/pictures\/spieler\/Volker.jpg\" alt=\"\"><\/td>\n<td><strong>Volker<\/strong><br \/>\nrechtes Mittelfeld<br \/>\nASV-Deb\u00fct: 2012<\/p>\n<p>Stadtliga-Spiele 2019: 3<br \/>\n1 Tor<br \/>\nSpieler Alternative Worldcup<\/td>\n<\/tr>\n<tr class=\"mittelfeld\">\n<td><strong>Mittelfeld<\/strong><\/td>\n<td><img loading=\"lazy\" decoding=\"async\" src=\"http:\/\/asv.teraz.de\/pictures\/spieler\/Wolfgang.jpg\" alt=\"\" width=\"100\" height=\"120\" border=\"0\"><\/td>\n<td><strong>Wolle<\/strong><br \/>\nzentrales und linkes Mittelfeld<br \/>\nASV-Deb\u00fct: 2010<\/p>\n<p>Stadtliga-Spiele 2019: 2<\/td>\n<\/tr>\n<tr class=\"angriff\">\n<td><strong>Sturm<\/strong><\/td>\n<td><img loading=\"lazy\" decoding=\"async\" src=\"http:\/\/asv.teraz.de\/pictures\/spieler\/Marcus.jpg\" alt=\"\" width=\"100\" height=\"120\" border=\"0\"><\/td>\n<td><strong>Marcus<\/strong><br \/>\nSturm, Mittelfeld<br \/>\nASV-Deb\u00fct: ca. 2000<\/p>\n<p>Stadtliga-Spiele 2019: 0 <img decoding=\"async\" title=\"verletzt\" src=\"http:\/\/asv.teraz.de\/images\/verletzt24.gif\" alt=\"verletzt\"><\/td>\n<\/tr>\n<tr class=\"angriff\">\n<td><strong>Sturm<\/strong><\/td>\n<td><img loading=\"lazy\" decoding=\"async\" src=\"http:\/\/asv.teraz.de\/pictures\/spieler\/Maxime.jpg\" alt=\"\" width=\"100\" height=\"120\" border=\"0\"><\/td>\n<td><strong>Maxime<\/strong><br \/>\nSturm<br \/>\nASV-Deb\u00fct: 2018<\/p>\n<p>Stadtliga-Spiele 2019: 3<br \/>\n1 Tor<\/td>\n<\/tr>\n<tr class=\"angriff\">\n<td><strong>Sturm<\/strong><\/td>\n<td><img loading=\"lazy\" decoding=\"async\" src=\"http:\/\/asv.teraz.de\/pictures\/spieler\/Micha.jpg\" alt=\"\" width=\"100\" height=\"120\" border=\"0\"><\/td>\n<td><strong>Micha<\/strong><br \/>\nSturm<br \/>\nASV-Deb\u00fct: 2015<\/p>\n<p>Stadtliga-Spiele 2019: 0 <img decoding=\"async\" title=\"verletzt\" src=\"http:\/\/asv.teraz.de\/images\/verletzt24.gif\" alt=\"verletzt\"><\/td>\n<\/tr>\n<tr class=\"angriff\">\n<td><strong>Sturm<\/strong><\/td>\n<td><img decoding=\"async\" src=\"http:\/\/asv.teraz.de\/pictures\/spieler\/Oemer.jpg\" alt=\"\"><\/td>\n<td><strong>\u00d6mer<\/strong><br \/>\nSturm, Mittelfeld<br \/>\nASV-Deb\u00fct: 2014<\/p>\n<p>Stadtliga-Spiele 2019: 6<br \/>\n10 Tore<\/td>\n<\/tr>\n<tr class=\"angriff\">\n<td><strong>Sturm<\/strong><\/td>\n<td><img loading=\"lazy\" decoding=\"async\" src=\"http:\/\/asv.teraz.de\/pictures\/spieler\/San.jpg\" alt=\"\" width=\"100\" height=\"120\" border=\"0\"><\/td>\n<td><strong>San<\/strong><br \/>\nSturm<br \/>\nASV-Deb\u00fct: 2006<\/p>\n<p>Stadtliga-Spiele 2019: 0<\/td>\n<\/tr>\n<tr>\n<td><strong>Trainer<\/strong><\/td>\n<td><img loading=\"lazy\" decoding=\"async\" src=\"http:\/\/asv.teraz.de\/pictures\/spieler\/ThomasKl.jpg\" alt=\"\" width=\"100\" height=\"120\" border=\"0\"><\/td>\n<td><strong>Thomas Kl.<\/strong><br \/>\nTrainer<br \/>\nASV-Deb\u00fct: 1996<\/td>\n<\/tr>\n<\/tbody>\n<\/table>\n","protected":false},"excerpt":{"rendered":"<p>Das Team 2019 39 Spieler Tor Cian Tor ASV-Deb\u00fct: 2019 Stadtliga-Spiele 2019: 2 Tor Dominik Tor ASV-Deb\u00fct: 2019 Stadtliga-Spiele 2019: 1 Tor Max Tor ASV-Deb\u00fct:&hellip; <\/p>\n<p><a href=\"https:\/\/asv.teraz.de\/blog\/team\/team-2019\/\" class=\"more-link\">Continue reading &rarr; <span class=\"screen-reader-text\">Team 2019<\/span><\/a><\/p>\n","protected":false},"author":1,"featured_media":0,"parent":127,"menu_order":0,"comment_status":"closed","ping_status":"closed","template":"","meta":{"footnotes":""},"class_list":["post-1375","page","type-page","status-publish","hentry"],"_links":{"self":[{"href":"https:\/\/asv.teraz.de\/blog\/wp-json\/wp\/v2\/pages\/1375","targetHints":{"allow":["GET"]}}],"collection":[{"href":"https:\/\/asv.teraz.de\/blog\/wp-json\/wp\/v2\/pages"}],"about":[{"href":"https:\/\/asv.teraz.de\/blog\/wp-json\/wp\/v2\/types\/page"}],"author":[{"embeddable":true,"href":"https:\/\/asv.teraz.de\/blog\/wp-json\/wp\/v2\/users\/1"}],"replies":[{"embeddable":true,"href":"https:\/\/asv.teraz.de\/blog\/wp-json\/wp\/v2\/comments?post=1375"}],"version-history":[{"count":9,"href":"https:\/\/asv.teraz.de\/blog\/wp-json\/wp\/v2\/pages\/1375\/revisions"}],"predecessor-version":[{"id":1675,"href":"https:\/\/asv.teraz.de\/blog\/wp-json\/wp\/v2\/pages\/1375\/revisions\/1675"}],"up":[{"embeddable":true,"href":"https:\/\/asv.teraz.de\/blog\/wp-json\/wp\/v2\/pages\/127"}],"wp:attachment":[{"href":"https:\/\/asv.teraz.de\/blog\/wp-json\/wp\/v2\/media?parent=1375"}],"curies":[{"name":"wp","href":"https:\/\/api.w.org\/{rel}","templated":true}]}}