{"id":150,"date":"2014-01-12T15:50:08","date_gmt":"2014-01-12T14:50:08","guid":{"rendered":"http:\/\/asv.teraz.de\/blog\/?page_id=150"},"modified":"2025-09-14T13:13:38","modified_gmt":"2025-09-14T12:13:38","slug":"statistik","status":"publish","type":"page","link":"https:\/\/asv.teraz.de\/blog\/statistik\/","title":{"rendered":"Statistik"},"content":{"rendered":"\n<h4 class=\"wp-block-heading\">Stadtliga Stuttgart &#8211; ASV-Historie<\/h4>\n\n\n\n<p>Der ASV ist das einzige verbliebene Team, das seit derer Gr\u00fcndung in der <a href=\"http:\/\/www.stadtligastuttgart.de\">Stadtliga Stuttgart<\/a> spielt.<\/p>\n\n\n\n<figure class=\"wp-block-table\"><table><tbody><tr><td><b>Jahr<\/b><\/td><td><b>Platz<\/b><\/td><td><b>Sp.<\/b><\/td><td><b>Pkt.<\/b><\/td><td><b>Pkt.\/Sp.<\/b><\/td><td><b>Tore<\/b><\/td><td><b>Diff.<\/b><\/td><\/tr><tr><td>1995-1999<\/td><td>?<\/td><td>?<\/td><td>?<\/td><td>?<\/td><td>?<\/td><td>?<\/td><\/tr><tr><td>2000<\/td><td>4. von 7<\/td><td>6<\/td><td>9<\/td><td>&nbsp;1,29<\/td><td>18:19<\/td><td>-1<\/td><\/tr><tr><td>2001<\/td><td>5. von 6<\/td><td>5<\/td><td>3<\/td><td>&nbsp;0,5<\/td><td>12:41<\/td><td>-29<\/td><\/tr><tr><td>2002<\/td><td>4. von 6<\/td><td>5<\/td><td>6<\/td><td>&nbsp;1,2<\/td><td>9:20<\/td><td>-11<\/td><\/tr><tr><td>2003<\/td><td>7. von 7<\/td><td>6<\/td><td>0<\/td><td>&nbsp;0<\/td><td>3:32<\/td><td>-29<\/td><\/tr><tr><td>2004<\/td><td>4. von 6<\/td><td>5<\/td><td>4<\/td><td>&nbsp;0,8<\/td><td>14:29<\/td><td>-15<\/td><\/tr><tr><td>2005<\/td><td>4. von 7<\/td><td>5*<\/td><td>6<\/td><td>&nbsp;1,2<\/td><td>12:23<\/td><td>-11<\/td><\/tr><tr><td>2006<\/td><td>7. von 7<\/td><td>6<\/td><td>1<\/td><td>&nbsp;0,17<\/td><td>16:39<\/td><td>-23<\/td><\/tr><tr><td>2007<\/td><td>6. von 8<\/td><td>5<\/td><td>3<\/td><td>&nbsp;0,6<\/td><td>8:25<\/td><td>-17<\/td><\/tr><tr><td>2008<\/td><td>6. von 8<\/td><td>5<\/td><td>3<\/td><td>&nbsp;0,6<\/td><td>5:16<\/td><td>-11<\/td><\/tr><tr><td>2009<\/td><td>4. von 8<\/td><td>6<\/td><td>5<\/td><td>&nbsp;0,83<\/td><td>20:22<\/td><td>-2<\/td><\/tr><tr><td><b>2010<\/b><\/td><td><b>1. von 8<\/b><\/td><td><b>5<\/b><\/td><td><b>12<\/b><\/td><td>&nbsp;<strong>2,4<\/strong><\/td><td><b>22:13<\/b><\/td><td><b>+9<\/b><\/td><\/tr><tr><td>2011<\/td><td>3. von 5<\/td><td>4<\/td><td>7<\/td><td>&nbsp;1,75<\/td><td>8:16<\/td><td>-8<\/td><\/tr><tr><td>2012<\/td><td>6. von 8<\/td><td>5<\/td><td>3<\/td><td>&nbsp;0,6<\/td><td>24:23<\/td><td>+1<\/td><\/tr><tr><td>2013<\/td><td>6. von 6<\/td><td>6<\/td><td>1<\/td><td>&nbsp;0,17<\/td><td>12:20<\/td><td>-8<\/td><\/tr><tr><td>2014<\/td><td>4. von 8<\/td><td>5<\/td><td>9<\/td><td>&nbsp;1,8<\/td><td>24:14<\/td><td>+10<\/td><\/tr><tr><td>2015<\/td><td>5. von 7<\/td><td>4<\/td><td>7<\/td><td>&nbsp;1,75<\/td><td>19:11<\/td><td>+8<\/td><\/tr><tr><td>2016<\/td><td>2. von 5<\/td><td>5<\/td><td>7<\/td><td>&nbsp;1,4<\/td><td>19:17<\/td><td>+2<\/td><\/tr><tr><td>2017<\/td><td>7. von 8<\/td><td>6<\/td><td>10<\/td><td>&nbsp;1,67<\/td><td>16:21<\/td><td>-5<\/td><\/tr><tr><td>2018<\/td><td>4. von 7<\/td><td>6<\/td><td>7<\/td><td>1,17<\/td><td>21:19<\/td><td>+2<\/td><\/tr><tr><td>2019<\/td><td>2. von 7<\/td><td>6<\/td><td>13<\/td><td>2,17<\/td><td>40:18<\/td><td>+22<\/td><\/tr><tr><td><strong>2020<\/strong><\/td><td><strong>1. von 6<\/strong><\/td><td><strong>6<\/strong><\/td><td><strong>13<\/strong><\/td><td><strong>2,17<\/strong><\/td><td><strong>18:11<\/strong><\/td><td><strong>+7<\/strong><\/td><\/tr><tr><td>2021<\/td><td>5. von 5<\/td><td>4<\/td><td>3<\/td><td>0,75<\/td><td>10:12<\/td><td>-2<\/td><\/tr><tr><td>2022<\/td><td>6. von 7<\/td><td>7<\/td><td>8<\/td><td>1,14<\/td><td>20:17<\/td><td>+3<\/td><\/tr><tr><td>2023<\/td><td>8. von 9<\/td><td>8<\/td><td>4<\/td><td>0,5<\/td><td>19:31<\/td><td>-12<\/td><\/tr><tr><td>2024<\/td><td>6. von 9<\/td><td>6<\/td><td>9<\/td><td>1,5<\/td><td>28:21<\/td><td>+7<\/td><\/tr><tr><td>2025<\/td><td>4. von 7<\/td><td>7<\/td><td>9<\/td><td>1,29<\/td><td>20:23<\/td><td>-3<\/td><\/tr><\/tbody><\/table><\/figure>\n\n\n\n<p>* Ouzo 12 wurde sp\u00e4ter disqualifiziert (der ASV gewann das nicht gewertete Spiel gegen Ouzo 12 mit 3:1)<\/p>\n\n\n\n<h4 class=\"wp-block-heading\">Alle Stadtliga-Meister<\/h4>\n\n\n\n<p>1995 ICE Neckarstrasse<br>1996 Dynamo MIG<br>1997 BSG 42<br>1998 Arminstube<br>1999 ICE Neckarstrasse<br><a href=\"https:\/\/stadtligastuttgart.de\/competition\/stadtliga-stuttgart-2000\/\">2000<\/a> Fr\u00fchlingsb\u00e4llchen<br><a href=\"https:\/\/stadtligastuttgart.de\/competition\/stadtliga-stuttgart-2001\/\">2001<\/a> T\u00fcnnes &amp; Co.<br><a href=\"https:\/\/stadtligastuttgart.de\/competition\/stadtliga-stuttgart-2002\/\">2002<\/a> T\u00fcnnes &amp; Co.<br><a href=\"https:\/\/stadtligastuttgart.de\/competition\/stadtliga-stuttgart-2003\/\">2003<\/a> T\u00fcnnes &amp; Co.<br><a href=\"https:\/\/stadtligastuttgart.de\/competition\/stadtliga-stuttgart-2004\/\">2004<\/a> T\u00fcnnes &amp; Co.<br>2005 T\u00fcnnes &amp; Co.<br>2006 T\u00fcnnes &amp; Co.<br><a href=\"http:\/\/www.teraz.de\/fussballforen\/viewtopic.php?t=45\">2007<\/a> Barcode<br><a href=\"http:\/\/www.teraz.de\/fussballforen\/viewtopic.php?p=675\">2008<\/a> Barcode<br><a href=\"http:\/\/www.teraz.de\/fussballforen\/viewtopic.php?t=88\">2009<\/a> Barcode<br><strong><a href=\"http:\/\/www.teraz.de\/fussballforen\/viewtopic.php?t=99\">2010<\/a> ASV<\/strong><br><a href=\"http:\/\/www.teraz.de\/fussballforen\/viewtopic.php?t=120\">2011<\/a> T\u00fcnnes &amp; Co.<br><a href=\"http:\/\/www.teraz.de\/fussballforen\/viewtopic.php?t=133\">2012<\/a> T\u00fcnnes<br><a href=\"http:\/\/www.teraz.de\/fussballforen\/viewtopic.php?t=166\">2013<\/a> T\u00fcnnes<br><a href=\"http:\/\/www.teraz.de\/fussballforen\/viewtopic.php?t=175\">2014<\/a> T\u00fcnnes<br><a href=\"http:\/\/www.teraz.de\/fussballforen\/viewtopic.php?t=184\">2015<\/a> CT United<br><a href=\"http:\/\/www.teraz.de\/fussballforen\/viewtopic.php?t=192\">2016<\/a> T\u00fcnnes<br><a href=\"http:\/\/www.teraz.de\/fussballforen\/viewtopic.php?t=195\">2017<\/a> Pumas<br><a href=\"https:\/\/stadtligastuttgart.de\/competition\/stadtliga-stuttgart-2018\/\">2018<\/a> CT United<br><a href=\"https:\/\/www.meinturnierplan.de\/showit.php?id=1557820323\">2019<\/a> 98elf<br><strong><a href=\"https:\/\/www.meinturnierplan.de\/showit.php?id=1594315836\">2020<\/a> ASV<\/strong><br><a href=\"https:\/\/www.tournifyapp.com\/live\/stadtligastuttgart2021\/standings\">2021<\/a> FC Latinos<br><a href=\"https:\/\/stadtligastuttgart.de\/competition\/stadtliga-stuttgart-2022\/\">2022<\/a> Garrison FC <br><a href=\"https:\/\/stadtligastuttgart.de\/competition\/stadtliga-stuttgart-2023\/\">2023<\/a> FC Latinos<br><a href=\"https:\/\/stadtligastuttgart.de\/competition\/105\/#\">2024<\/a> Garrison FC<br><a href=\"https:\/\/stadtligastuttgart.de\/competition\/stadtliga-stuttgart-2025\/\">2025<\/a> Garrison FC<\/p>\n\n\n\n<blockquote class=\"wp-block-quote is-layout-flow wp-block-quote-is-layout-flow\">\n<p>\u00abWeil ich im Rechnen nie gut war, spielen wir immer auf Sieg.\u00bb<br>(Peter Neururer auf die Frage, ob im n\u00e4chsten Spiel ein Punkt reicht).<\/p>\n<\/blockquote>\n","protected":false},"excerpt":{"rendered":"<p>Stadtliga Stuttgart &#8211; ASV-Historie Der ASV ist das einzige verbliebene Team, das seit derer Gr\u00fcndung in der Stadtliga Stuttgart spielt. Jahr Platz Sp. Pkt. Pkt.\/Sp.&hellip; <\/p>\n<p><a href=\"https:\/\/asv.teraz.de\/blog\/statistik\/\" class=\"more-link\">Continue reading &rarr; <span class=\"screen-reader-text\">Statistik<\/span><\/a><\/p>\n","protected":false},"author":1,"featured_media":0,"parent":0,"menu_order":0,"comment_status":"closed","ping_status":"open","template":"","meta":{"footnotes":""},"class_list":["post-150","page","type-page","status-publish","hentry"],"_links":{"self":[{"href":"https:\/\/asv.teraz.de\/blog\/wp-json\/wp\/v2\/pages\/150","targetHints":{"allow":["GET"]}}],"collection":[{"href":"https:\/\/asv.teraz.de\/blog\/wp-json\/wp\/v2\/pages"}],"about":[{"href":"https:\/\/asv.teraz.de\/blog\/wp-json\/wp\/v2\/types\/page"}],"author":[{"embeddable":true,"href":"https:\/\/asv.teraz.de\/blog\/wp-json\/wp\/v2\/users\/1"}],"replies":[{"embeddable":true,"href":"https:\/\/asv.teraz.de\/blog\/wp-json\/wp\/v2\/comments?post=150"}],"version-history":[{"count":39,"href":"https:\/\/asv.teraz.de\/blog\/wp-json\/wp\/v2\/pages\/150\/revisions"}],"predecessor-version":[{"id":2095,"href":"https:\/\/asv.teraz.de\/blog\/wp-json\/wp\/v2\/pages\/150\/revisions\/2095"}],"wp:attachment":[{"href":"https:\/\/asv.teraz.de\/blog\/wp-json\/wp\/v2\/media?parent=150"}],"curies":[{"name":"wp","href":"https:\/\/api.w.org\/{rel}","templated":true}]}}