{"id":163,"date":"2014-01-12T16:19:31","date_gmt":"2014-01-12T15:19:31","guid":{"rendered":"http:\/\/asv.teraz.de\/blog\/?page_id=163"},"modified":"2025-03-18T10:50:52","modified_gmt":"2025-03-18T09:50:52","slug":"links","status":"publish","type":"page","link":"https:\/\/asv.teraz.de\/blog\/links\/","title":{"rendered":"Links"},"content":{"rendered":"<table border=\"0\" width=\"100%\" cellspacing=\"1\">\n<tbody>\n<tr>\n<td width=\"50%\"><a href=\"http:\/\/www.schlesinger-int.com\" target=\"_blank\" rel=\"noopener\">Schlesinger Int.<\/a><\/td>\n<td width=\"50%\">Schlesinger in Stuttgart, Schlo\u00dfstra\u00dfe 28<\/td>\n<\/tr>\n<tr>\n<td width=\"50%\"><a href=\"http:\/\/www.stadtligastuttgart.de\" target=\"_blank\" rel=\"noopener\">Stadtliga Stuttgart<\/a><\/td>\n<td width=\"50%\">Alle Termine und Ergebnisse sowie alles Wissenswerte \u00fcber die Stadtliga.<\/td>\n<\/tr>\n<tr>\n<td width=\"50%\"><a href=\"http:\/\/www.harambe-afrika.de\">Harambe Afrika<\/a><\/td>\n<td width=\"50%\">Restaurant &amp; Hotel Harambe Afrika in Stuttgart-Sonnenberg, Rembrandtstra\u00dfe 190.<\/td>\n<\/tr>\n<tr>\n<td width=\"50%\"><a href=\"http:\/\/www.anker-net.de\" target=\"_blank\" rel=\"noopener\">Gastst\u00e4tte Anker<\/a><\/td>\n<td width=\"50%\">Gastst\u00e4tte Anker in Bernhausen, N\u00fcrtinger Str. 69<\/td>\n<\/tr>\n<tr>\n<td width=\"50%\"><a href=\"http:\/\/www.bolzplatz.de\/\" target=\"_blank\" rel=\"noopener\">Bolzplatz.de<\/a><\/td>\n<td width=\"50%\">Verzeichnis f\u00fcr Freizeitfu\u00dfball und Hobbyfu\u00dfball in Deutschland.<\/td>\n<\/tr>\n<tr>\n<td><\/td>\n<td><\/td>\n<\/tr>\n<\/tbody>\n<\/table>\n<blockquote><p>\u00abIch war mit den Haarspitzen noch dran.\u00bb<br \/>\nDer glatzk\u00f6pfige Dirk van der Veen nach einem Kopfballtor<\/p><\/blockquote>\n","protected":false},"excerpt":{"rendered":"<p>Schlesinger Int. Schlesinger in Stuttgart, Schlo\u00dfstra\u00dfe 28 Stadtliga Stuttgart Alle Termine und Ergebnisse sowie alles Wissenswerte \u00fcber die Stadtliga. Harambe Afrika Restaurant &amp; Hotel Harambe&hellip; <\/p>\n<p><a href=\"https:\/\/asv.teraz.de\/blog\/links\/\" class=\"more-link\">Continue reading &rarr; <span class=\"screen-reader-text\">Links<\/span><\/a><\/p>\n","protected":false},"author":1,"featured_media":0,"parent":0,"menu_order":0,"comment_status":"closed","ping_status":"open","template":"","meta":{"footnotes":""},"class_list":["post-163","page","type-page","status-publish","hentry"],"_links":{"self":[{"href":"https:\/\/asv.teraz.de\/blog\/wp-json\/wp\/v2\/pages\/163","targetHints":{"allow":["GET"]}}],"collection":[{"href":"https:\/\/asv.teraz.de\/blog\/wp-json\/wp\/v2\/pages"}],"about":[{"href":"https:\/\/asv.teraz.de\/blog\/wp-json\/wp\/v2\/types\/page"}],"author":[{"embeddable":true,"href":"https:\/\/asv.teraz.de\/blog\/wp-json\/wp\/v2\/users\/1"}],"replies":[{"embeddable":true,"href":"https:\/\/asv.teraz.de\/blog\/wp-json\/wp\/v2\/comments?post=163"}],"version-history":[{"count":5,"href":"https:\/\/asv.teraz.de\/blog\/wp-json\/wp\/v2\/pages\/163\/revisions"}],"predecessor-version":[{"id":1970,"href":"https:\/\/asv.teraz.de\/blog\/wp-json\/wp\/v2\/pages\/163\/revisions\/1970"}],"wp:attachment":[{"href":"https:\/\/asv.teraz.de\/blog\/wp-json\/wp\/v2\/media?parent=163"}],"curies":[{"name":"wp","href":"https:\/\/api.w.org\/{rel}","templated":true}]}}