{"id":475,"date":"2014-07-24T21:47:49","date_gmt":"2014-07-24T20:47:49","guid":{"rendered":"http:\/\/asv.teraz.de\/blog\/?page_id=475"},"modified":"2014-07-24T22:28:16","modified_gmt":"2014-07-24T21:28:16","slug":"int-turnier-duensbach-2014","status":"publish","type":"page","link":"https:\/\/asv.teraz.de\/blog\/int-turnier-duensbach-2014\/","title":{"rendered":"Int. Turnier D\u00fcnsbach 2014"},"content":{"rendered":"<p>Das internationale Turnier in D\u00fcnsbach findet vom 8.-10. August statt. Anreise am 7. August.<\/p>\n<p>International Tournament D\u00fcnsbach 8th to 10th August 2014.<\/p>\n<h3>Der Weg nach D\u00fcnsbach<\/h3>\n<p><strong>Mit dem Auto:<\/strong> Autobahn A6 Stuttgart-N\u00fcrnberg oder N\u00fcrnberg-Stuttgart, Ausfahrt Ilshofen-Wolpertshausen, dann ca. 10 km Richtung Gerabronn<br \/>\n<strong>Mit dem Zug:<\/strong> RE 19907 von Stuttgart-N\u00fcrnberg oder N\u00fcrnberg-Stuttgart, Aussteigen in Eckhartshausen-Ilshofen dann Bus Nr. 66 bis D\u00fcnsbach nehmen (ca. 10 min)<br \/>\n<strong>Mit dem Flugzeug:<\/strong> in Stuttgart oder N\u00fcrnberg aussteigen, dann Auto oder Zug nehmen<br \/>\nNachts im B\u00fchlerwald bitte auf den kopflosen Reiter achten.<\/p>\n<h3>How to get to D\u00fcnsbach<\/h3>\n<p><strong>By car:<\/strong> Take the A6 Stuttgart direction N\u00fcrnberg, exit Ilshofen-Wolpertshausen, then about 10km to the north, direction Gerabronn<br \/>\n<strong>By train:<\/strong> Theres a train going from Stuttgart main to N\u00fcrnberg ( or vice versa ) : exit at Eckhartshausen-Ilshofen and take bus nr 66.<br \/>\n<strong>By plane:<\/strong> from Stuttgart airport or N\u00fcrnberg airport, then take the train or drive by car as described above<br \/>\nShould you be wandering around the B\u00fchlerwald, please watch out for the headless horseman at night.<\/p>\n<h3>Teams men<\/h3>\n<p>Bad Muskau<br \/>\nBoys Lecknica<br \/>\nThe Yard<br \/>\nEaston Cowboys FC<br \/>\nInternationale H\u00e4rte<br \/>\nLunatics<br \/>\nFC Vova<br \/>\nRepublica Highland<br \/>\nRed Star Internacional<br \/>\nTSV D\u00fcnsbach AH<br \/>\nTSV D\u00fcnsbach<br \/>\nASV Filderstadt<br \/>\nICE Neckarstrasse<br \/>\nSt. Pauli Mixed<br \/>\nSportfreunde Elpershofen<\/p>\n<h3>Teams women<\/h3>\n<p>St. Pauli<br \/>\nEaston Cowgirls<br \/>\nRepublica Highland<br \/>\nICE ICE Babies<\/p>\n","protected":false},"excerpt":{"rendered":"<p>Das internationale Turnier in D\u00fcnsbach findet vom 8.-10. August statt. Anreise am 7. August. International Tournament D\u00fcnsbach 8th to 10th August 2014. Der Weg nach&hellip; <\/p>\n<p><a href=\"https:\/\/asv.teraz.de\/blog\/int-turnier-duensbach-2014\/\" class=\"more-link\">Continue reading &rarr; <span class=\"screen-reader-text\">Int. Turnier D\u00fcnsbach 2014<\/span><\/a><\/p>\n","protected":false},"author":1,"featured_media":0,"parent":0,"menu_order":0,"comment_status":"closed","ping_status":"open","template":"","meta":{"footnotes":""},"class_list":["post-475","page","type-page","status-publish","hentry"],"_links":{"self":[{"href":"https:\/\/asv.teraz.de\/blog\/wp-json\/wp\/v2\/pages\/475","targetHints":{"allow":["GET"]}}],"collection":[{"href":"https:\/\/asv.teraz.de\/blog\/wp-json\/wp\/v2\/pages"}],"about":[{"href":"https:\/\/asv.teraz.de\/blog\/wp-json\/wp\/v2\/types\/page"}],"author":[{"embeddable":true,"href":"https:\/\/asv.teraz.de\/blog\/wp-json\/wp\/v2\/users\/1"}],"replies":[{"embeddable":true,"href":"https:\/\/asv.teraz.de\/blog\/wp-json\/wp\/v2\/comments?post=475"}],"version-history":[{"count":4,"href":"https:\/\/asv.teraz.de\/blog\/wp-json\/wp\/v2\/pages\/475\/revisions"}],"predecessor-version":[{"id":482,"href":"https:\/\/asv.teraz.de\/blog\/wp-json\/wp\/v2\/pages\/475\/revisions\/482"}],"wp:attachment":[{"href":"https:\/\/asv.teraz.de\/blog\/wp-json\/wp\/v2\/media?parent=475"}],"curies":[{"name":"wp","href":"https:\/\/api.w.org\/{rel}","templated":true}]}}