{"id":655,"date":"2015-07-11T18:40:17","date_gmt":"2015-07-11T17:40:17","guid":{"rendered":"http:\/\/asv.teraz.de\/blog\/?page_id=655"},"modified":"2025-09-14T13:06:20","modified_gmt":"2025-09-14T12:06:20","slug":"hall-of-fame","status":"publish","type":"page","link":"https:\/\/asv.teraz.de\/blog\/statistik\/hall-of-fame\/","title":{"rendered":"Hall of Fame"},"content":{"rendered":"<h5>Titel<\/h5>\n<table border=\"1\">\n<tbody>\n<tr>\n<td><strong>2020<\/strong><\/td>\n<td><img loading=\"lazy\" decoding=\"async\" src=\"http:\/\/asv.teraz.de\/pictures\/pokale\/Pokal_Stadtliga_pictogramm.jpg\" alt=\"\" width=\"100\" height=\"125\" border=\"0\" \/><\/td>\n<td>Meister Stadtliga Stuttgart<\/td>\n<\/tr>\n<tr>\n<td><strong>2015<\/strong><\/td>\n<td><img loading=\"lazy\" decoding=\"async\" src=\"http:\/\/asv.teraz.de\/pictures\/pokale\/Pokal_AWC_2015_pictogramm.jpg\" alt=\"\" width=\"100\" height=\"102\" border=\"0\" \/><\/td>\n<td>Turniersieger Alternative Worldcup<\/td>\n<\/tr>\n<tr>\n<td><strong>2010<\/strong><\/td>\n<td><img loading=\"lazy\" decoding=\"async\" src=\"http:\/\/asv.teraz.de\/pictures\/pokale\/Pokal_Stadtliga_pictogramm.jpg\" alt=\"\" width=\"100\" height=\"125\" border=\"0\" \/><\/td>\n<td>Meister Stadtliga Stuttgart<\/td>\n<\/tr>\n<\/tbody>\n<\/table>\n<h5>Alle Erfolge<\/h5>\n<p>Die Auflistung erfolgt chronologisch:<\/p>\n<ul>\n<li>2022: 3. Platz beim Alternative Worldcup in Portland (kombiniertes Team mit FC Eingerecht)<\/li>\n<li><strong>2020: Meister Stadtliga Stuttgart<\/strong><\/li>\n<li>2019: Vizemeister Stadtliga Stuttgart<\/li>\n<li>2016: 3. Platz beim Alternative Worldcup in Hannover<\/li>\n<li>2016: Vizemeister Stadtliga Stuttgart<\/li>\n<li><strong>2015: Turniersieger Alternative Worldcup in Berendrecht, Antwerpen<\/strong><\/li>\n<li>2010: 2. Platz beim Alternative Worldcup in York (kombiniertes Team mit ICE Neckarstrasse)<\/li>\n<li><strong>2010: Meister Stadtliga Stuttgart<\/strong><\/li>\n<li>2009: 3. Platz beim Alternative Worldcup in G\u00e4chingen<\/li>\n<li>2009: 4. Platz in der Stadtliga Stuttgart. Der Halbfinaleinzug und ein 4. Platz (von 8) im Endklassement war mit die beste Platzierung in der Stadtliga, passend zum 20-j\u00e4hrigen Vereinsjubil\u00e4um. Vorher gab es eine 10-j\u00e4hrige Durststrecke ohne Erfolge.<\/li>\n<\/ul>\n<hr \/>\n<p><em>Die folgenden Statistiken werden seit 2008 gef\u00fchrt und beinhalten nur Spiele in der Stadtliga Stuttgart (Stand: 14.9.2025):<\/em><\/p>\n\n\n<h5 class=\"wp-block-heading\">Top-Torsch\u00fctzen  Stadtliga (seit 2008)<\/h5>\n\n\n\n<p><strong>\n<table id=\"tablepress-9\" class=\"tablepress tablepress-id-9\">\n<thead>\n<tr class=\"row-1\">\n\t<th class=\"column-1\">Pl.<\/th><th class=\"column-2\">Name<\/th><th class=\"column-3\">Tore<\/th><th class=\"column-4\">Spiele<\/th><th class=\"column-5\">Quote<\/th>\n<\/tr>\n<\/thead>\n<tbody class=\"row-striping row-hover\">\n<tr class=\"row-2\">\n\t<td class=\"column-1\">1.<\/td><td class=\"column-2\">Murat<\/td><td class=\"column-3\">42<\/td><td class=\"column-4\">34<\/td><td class=\"column-5\">1,24<\/td>\n<\/tr>\n<tr class=\"row-3\">\n\t<td class=\"column-1\">2.<\/td><td class=\"column-2\">\u00d6mer<\/td><td class=\"column-3\">38<\/td><td class=\"column-4\">34<\/td><td class=\"column-5\">1,12<\/td>\n<\/tr>\n<tr class=\"row-4\">\n\t<td class=\"column-1\">3.<\/td><td class=\"column-2\">San<\/td><td class=\"column-3\">21<\/td><td class=\"column-4\">36<\/td><td class=\"column-5\">0,58<\/td>\n<\/tr>\n<tr class=\"row-5\">\n\t<td class=\"column-1\">4.<\/td><td class=\"column-2\">Thomas S.<\/td><td class=\"column-3\">16<\/td><td class=\"column-4\">34<\/td><td class=\"column-5\">0,47<\/td>\n<\/tr>\n<tr class=\"row-6\">\n\t<td class=\"column-1\">5.<\/td><td class=\"column-2\">Micha<\/td><td class=\"column-3\">14<\/td><td class=\"column-4\">10<\/td><td class=\"column-5\">1,4<\/td>\n<\/tr>\n<tr class=\"row-7\">\n\t<td class=\"column-1\">6.<\/td><td class=\"column-2\">David G.<\/td><td class=\"column-3\">12<\/td><td class=\"column-4\">13<\/td><td class=\"column-5\">0,92<\/td>\n<\/tr>\n<tr class=\"row-8\">\n\t<td class=\"column-1\">7.<\/td><td class=\"column-2\">Isi<\/td><td class=\"column-3\">11<\/td><td class=\"column-4\">43<\/td><td class=\"column-5\">0,26<\/td>\n<\/tr>\n<tr class=\"row-9\">\n\t<td class=\"column-1\">8.<\/td><td class=\"column-2\">Marcus<\/td><td class=\"column-3\">10<\/td><td class=\"column-4\">25<\/td><td class=\"column-5\">0,40<\/td>\n<\/tr>\n<tr class=\"row-10\">\n\t<td class=\"column-1\">9.<\/td><td class=\"column-2\">Moritz<\/td><td class=\"column-3\">9<\/td><td class=\"column-4\">17<\/td><td class=\"column-5\">0,53<\/td>\n<\/tr>\n<tr class=\"row-11\">\n\t<td class=\"column-1\">10.<\/td><td class=\"column-2\">Luca<\/td><td class=\"column-3\">8<\/td><td class=\"column-4\">8<\/td><td class=\"column-5\">1,00<\/td>\n<\/tr>\n<tr class=\"row-12\">\n\t<td class=\"column-1\">11.<\/td><td class=\"column-2\">Arne<\/td><td class=\"column-3\">8<\/td><td class=\"column-4\">29<\/td><td class=\"column-5\">0,28<\/td>\n<\/tr>\n<tr class=\"row-13\">\n\t<td class=\"column-1\">12.<\/td><td class=\"column-2\">Wolle<\/td><td class=\"column-3\">7<\/td><td class=\"column-4\">26<\/td><td class=\"column-5\">0,27<\/td>\n<\/tr>\n<tr class=\"row-14\">\n\t<td class=\"column-1\">13.<\/td><td class=\"column-2\">Henrique<\/td><td class=\"column-3\">7<\/td><td class=\"column-4\">34<\/td><td class=\"column-5\">0,21<\/td>\n<\/tr>\n<tr class=\"row-15\">\n\t<td class=\"column-1\">14.<\/td><td class=\"column-2\">Volker<\/td><td class=\"column-3\">7<\/td><td class=\"column-4\">45<\/td><td class=\"column-5\">0,16<\/td>\n<\/tr>\n<tr class=\"row-16\">\n\t<td class=\"column-1\">15.<\/td><td class=\"column-2\">Freddi<\/td><td class=\"column-3\">6<\/td><td class=\"column-4\">6<\/td><td class=\"column-5\">1,0<\/td>\n<\/tr>\n<tr class=\"row-17\">\n\t<td class=\"column-1\">16.<\/td><td class=\"column-2\">Apo<\/td><td class=\"column-3\">6<\/td><td class=\"column-4\">8<\/td><td class=\"column-5\">0,75<\/td>\n<\/tr>\n<tr class=\"row-18\">\n\t<td class=\"column-1\">17.<\/td><td class=\"column-2\">Jonas<\/td><td class=\"column-3\">5<\/td><td class=\"column-4\">9<\/td><td class=\"column-5\">0,56<\/td>\n<\/tr>\n<tr class=\"row-19\">\n\t<td class=\"column-1\">18.<\/td><td class=\"column-2\">Ludwig<\/td><td class=\"column-3\">5<\/td><td class=\"column-4\">12<\/td><td class=\"column-5\">0,42<\/td>\n<\/tr>\n<tr class=\"row-20\">\n\t<td class=\"column-1\">19.<\/td><td class=\"column-2\">Chris G.<\/td><td class=\"column-3\">4<\/td><td class=\"column-4\">4<\/td><td class=\"column-5\">1,0<\/td>\n<\/tr>\n<tr class=\"row-21\">\n\t<td class=\"column-1\">20.<\/td><td class=\"column-2\">Frieder<\/td><td class=\"column-3\">4<\/td><td class=\"column-4\">5<\/td><td class=\"column-5\">0,8<\/td>\n<\/tr>\n<tr class=\"row-22\">\n\t<td class=\"column-1\">21.<\/td><td class=\"column-2\">Richard<\/td><td class=\"column-3\">4<\/td><td class=\"column-4\">11<\/td><td class=\"column-5\">0,36<\/td>\n<\/tr>\n<tr class=\"row-23\">\n\t<td class=\"column-1\">22.<\/td><td class=\"column-2\">Doran<\/td><td class=\"column-3\">4<\/td><td class=\"column-4\">12<\/td><td class=\"column-5\">0,33<\/td>\n<\/tr>\n<tr class=\"row-24\">\n\t<td class=\"column-1\">23.<\/td><td class=\"column-2\">Lasse<\/td><td class=\"column-3\">4<\/td><td class=\"column-4\">28<\/td><td class=\"column-5\">0,14<\/td>\n<\/tr>\n<tr class=\"row-25\">\n\t<td class=\"column-1\">24.<\/td><td class=\"column-2\">Gregor<\/td><td class=\"column-3\">4<\/td><td class=\"column-4\">31<\/td><td class=\"column-5\">0,13<\/td>\n<\/tr>\n<tr class=\"row-26\">\n\t<td class=\"column-1\">25.<\/td><td class=\"column-2\">Jon\u00e1s<\/td><td class=\"column-3\">3<\/td><td class=\"column-4\">2<\/td><td class=\"column-5\">1,50<\/td>\n<\/tr>\n<tr class=\"row-27\">\n\t<td class=\"column-1\">26.<\/td><td class=\"column-2\">Vinz<\/td><td class=\"column-3\">3<\/td><td class=\"column-4\">14<\/td><td class=\"column-5\">0,21<\/td>\n<\/tr>\n<tr class=\"row-28\">\n\t<td class=\"column-1\">27.<\/td><td class=\"column-2\">Kewin<\/td><td class=\"column-3\">3<\/td><td class=\"column-4\">23<\/td><td class=\"column-5\">0,13<\/td>\n<\/tr>\n<tr class=\"row-29\">\n\t<td class=\"column-1\">28.<\/td><td class=\"column-2\">Steffen Gh.<\/td><td class=\"column-3\">3<\/td><td class=\"column-4\">29<\/td><td class=\"column-5\">0,10<\/td>\n<\/tr>\n<tr class=\"row-30\">\n\t<td class=\"column-1\">29.<\/td><td class=\"column-2\">Fred<\/td><td class=\"column-3\">3<\/td><td class=\"column-4\">32<\/td><td class=\"column-5\">0,09<\/td>\n<\/tr>\n<tr class=\"row-31\">\n\t<td class=\"column-1\">30.<\/td><td class=\"column-2\">Chris N.<\/td><td class=\"column-3\">3<\/td><td class=\"column-4\">40<\/td><td class=\"column-5\">0,08<\/td>\n<\/tr>\n<\/tbody>\n<\/table>\n<!-- #tablepress-9 from cache --><\/strong><\/p>\n\n\n\n<p class=\"has-text-color\" style=\"color:#ffffff\">&#8230;<\/p>\n\n\n\n<hr class=\"wp-block-separator has-css-opacity\"\/>\n\n\n\n<h5 class=\"wp-block-heading\">Spieler mit den meisten Stadtliga-Eins\u00e4tzen (seit 2008)<\/h5>\n\n\n\n<p><strong>\n<table id=\"tablepress-10\" class=\"tablepress tablepress-id-10\">\n<thead>\n<tr class=\"row-1\">\n\t<th class=\"column-1\">Pl.<\/th><th class=\"column-2\">Name<\/th><th class=\"column-3\">Spiele<\/th><th class=\"column-4\">Jahre<\/th>\n<\/tr>\n<\/thead>\n<tbody class=\"row-striping row-hover\">\n<tr class=\"row-2\">\n\t<td class=\"column-1\">1.<\/td><td class=\"column-2\">Armin<\/td><td class=\"column-3\">66<\/td><td class=\"column-4\">2008-2025<\/td>\n<\/tr>\n<tr class=\"row-3\">\n\t<td class=\"column-1\">2.<\/td><td class=\"column-2\">J\u00f6rg<\/td><td class=\"column-3\">49<\/td><td class=\"column-4\">2008-2025<\/td>\n<\/tr>\n<tr class=\"row-4\">\n\t<td class=\"column-1\">3.<\/td><td class=\"column-2\">Volker<\/td><td class=\"column-3\">49<\/td><td class=\"column-4\">2012-2025<\/td>\n<\/tr>\n<tr class=\"row-5\">\n\t<td class=\"column-1\">4.<\/td><td class=\"column-2\">Ebi<\/td><td class=\"column-3\">45<\/td><td class=\"column-4\">2014-2025<\/td>\n<\/tr>\n<tr class=\"row-6\">\n\t<td class=\"column-1\">5.<\/td><td class=\"column-2\">Isi<\/td><td class=\"column-3\">43<\/td><td class=\"column-4\">2018-2025<\/td>\n<\/tr>\n<tr class=\"row-7\">\n\t<td class=\"column-1\">6.<\/td><td class=\"column-2\">G\u00f6tz<\/td><td class=\"column-3\">42<\/td><td class=\"column-4\">2011-2025<\/td>\n<\/tr>\n<tr class=\"row-8\">\n\t<td class=\"column-1\">7.<\/td><td class=\"column-2\">Liam<\/td><td class=\"column-3\">41<\/td><td class=\"column-4\">2008-2020<\/td>\n<\/tr>\n<tr class=\"row-9\">\n\t<td class=\"column-1\">7.<\/td><td class=\"column-2\">Clemens<\/td><td class=\"column-3\">41<\/td><td class=\"column-4\">2011-2023<\/td>\n<\/tr>\n<tr class=\"row-10\">\n\t<td class=\"column-1\">8.<\/td><td class=\"column-2\">Chris N.<\/td><td class=\"column-3\">40<\/td><td class=\"column-4\">2013-2025<\/td>\n<\/tr>\n<tr class=\"row-11\">\n\t<td class=\"column-1\">10.<\/td><td class=\"column-2\">San<\/td><td class=\"column-3\">36<\/td><td class=\"column-4\">2009-2018<\/td>\n<\/tr>\n<tr class=\"row-12\">\n\t<td class=\"column-1\">11.<\/td><td class=\"column-2\">Murat<\/td><td class=\"column-3\">34<\/td><td class=\"column-4\">2009-2020<\/td>\n<\/tr>\n<tr class=\"row-13\">\n\t<td class=\"column-1\">11.<\/td><td class=\"column-2\">Thomas S.<\/td><td class=\"column-3\">34<\/td><td class=\"column-4\">2010-2024<\/td>\n<\/tr>\n<tr class=\"row-14\">\n\t<td class=\"column-1\">11.<\/td><td class=\"column-2\">\u00d6mer<\/td><td class=\"column-3\">34<\/td><td class=\"column-4\">2014-2024<\/td>\n<\/tr>\n<tr class=\"row-15\">\n\t<td class=\"column-1\">11.<\/td><td class=\"column-2\">Henrique<\/td><td class=\"column-3\">34<\/td><td class=\"column-4\">2019-2025<\/td>\n<\/tr>\n<tr class=\"row-16\">\n\t<td class=\"column-1\">15.<\/td><td class=\"column-2\">Fred<\/td><td class=\"column-3\">32<\/td><td class=\"column-4\">2015-2025<\/td>\n<\/tr>\n<tr class=\"row-17\">\n\t<td class=\"column-1\">16.<\/td><td class=\"column-2\">Gregor<\/td><td class=\"column-3\">31<\/td><td class=\"column-4\">2017-2025<\/td>\n<\/tr>\n<tr class=\"row-18\">\n\t<td class=\"column-1\">17.<\/td><td class=\"column-2\">Steffen Gh.<\/td><td class=\"column-3\">29<\/td><td class=\"column-4\">2009-2018<\/td>\n<\/tr>\n<tr class=\"row-19\">\n\t<td class=\"column-1\">17.<\/td><td class=\"column-2\">Arne<\/td><td class=\"column-3\">29<\/td><td class=\"column-4\">2019-2025<\/td>\n<\/tr>\n<tr class=\"row-20\">\n\t<td class=\"column-1\">20.<\/td><td class=\"column-2\">Hannes<\/td><td class=\"column-3\">28<\/td><td class=\"column-4\">2017-2025<\/td>\n<\/tr>\n<tr class=\"row-21\">\n\t<td class=\"column-1\">20.<\/td><td class=\"column-2\">Lasse<\/td><td class=\"column-3\">28<\/td><td class=\"column-4\">2019-2025<\/td>\n<\/tr>\n<tr class=\"row-22\">\n\t<td class=\"column-1\">21.<\/td><td class=\"column-2\">Mark L.<\/td><td class=\"column-3\">27<\/td><td class=\"column-4\">2008-2021<\/td>\n<\/tr>\n<tr class=\"row-23\">\n\t<td class=\"column-1\">22.<\/td><td class=\"column-2\">Wolle<\/td><td class=\"column-3\">26<\/td><td class=\"column-4\">2010-2020<\/td>\n<\/tr>\n<tr class=\"row-24\">\n\t<td class=\"column-1\">23.<\/td><td class=\"column-2\">Marcus<\/td><td class=\"column-3\">25<\/td><td class=\"column-4\">2008-2016<\/td>\n<\/tr>\n<tr class=\"row-25\">\n\t<td class=\"column-1\">24.<\/td><td class=\"column-2\">Kewin<\/td><td class=\"column-3\">23<\/td><td class=\"column-4\">2008-2017<\/td>\n<\/tr>\n<tr class=\"row-26\">\n\t<td class=\"column-1\">25.<\/td><td class=\"column-2\">Chris Ge.<\/td><td class=\"column-3\">22<\/td><td class=\"column-4\">2020-2025<\/td>\n<\/tr>\n<tr class=\"row-27\">\n\t<td class=\"column-1\">26.<\/td><td class=\"column-2\">Stephan W.<\/td><td class=\"column-3\">21<\/td><td class=\"column-4\">2017-2024<\/td>\n<\/tr>\n<tr class=\"row-28\">\n\t<td class=\"column-1\">26.<\/td><td class=\"column-2\">G\u00fcnne<\/td><td class=\"column-3\">21<\/td><td class=\"column-4\">2008-2015<\/td>\n<\/tr>\n<tr class=\"row-29\">\n\t<td class=\"column-1\">28.<\/td><td class=\"column-2\">Carsten<\/td><td class=\"column-3\">19<\/td><td class=\"column-4\">2008-2016<\/td>\n<\/tr>\n<tr class=\"row-30\">\n\t<td class=\"column-1\">29.<\/td><td class=\"column-2\">David K.<\/td><td class=\"column-3\">18<\/td><td class=\"column-4\">2016-2020<\/td>\n<\/tr>\n<tr class=\"row-31\">\n\t<td class=\"column-1\">29.<\/td><td class=\"column-2\">Nino<\/td><td class=\"column-3\">18<\/td><td class=\"column-4\">2015-2021<\/td>\n<\/tr>\n<tr class=\"row-32\">\n\t<td class=\"column-1\">31.<\/td><td class=\"column-2\">Sven F.<\/td><td class=\"column-3\">17<\/td><td class=\"column-4\">2009-2014<\/td>\n<\/tr>\n<tr class=\"row-33\">\n\t<td class=\"column-1\">31.<\/td><td class=\"column-2\">Johannes<\/td><td class=\"column-3\">17<\/td><td class=\"column-4\">2009-2024<\/td>\n<\/tr>\n<tr class=\"row-34\">\n\t<td class=\"column-1\">31.<\/td><td class=\"column-2\">Moritz<\/td><td class=\"column-3\">17<\/td><td class=\"column-4\">2022-2025<\/td>\n<\/tr>\n<tr class=\"row-35\">\n\t<td class=\"column-1\">34.<\/td><td class=\"column-2\">Alex A.<\/td><td class=\"column-3\">16<\/td><td class=\"column-4\">2008-2016<\/td>\n<\/tr>\n<tr class=\"row-36\">\n\t<td class=\"column-1\">35.<\/td><td class=\"column-2\">Patrick A.<\/td><td class=\"column-3\">15<\/td><td class=\"column-4\">2012-2016<\/td>\n<\/tr>\n<tr class=\"row-37\">\n\t<td class=\"column-1\">36.<\/td><td class=\"column-2\">Dominik W.<\/td><td class=\"column-3\">14<\/td><td class=\"column-4\">2019-2022<\/td>\n<\/tr>\n<tr class=\"row-38\">\n\t<td class=\"column-1\">36.<\/td><td class=\"column-2\">Jens<\/td><td class=\"column-3\">14<\/td><td class=\"column-4\">2008-2012<\/td>\n<\/tr>\n<tr class=\"row-39\">\n\t<td class=\"column-1\">36.<\/td><td class=\"column-2\">Matthias<\/td><td class=\"column-3\">14<\/td><td class=\"column-4\">2013-2017<\/td>\n<\/tr>\n<tr class=\"row-40\">\n\t<td class=\"column-1\">36.<\/td><td class=\"column-2\">Mille<\/td><td class=\"column-3\">14<\/td><td class=\"column-4\">2008-2014<\/td>\n<\/tr>\n<tr class=\"row-41\">\n\t<td class=\"column-1\">36.<\/td><td class=\"column-2\">Vinz<\/td><td class=\"column-3\">14<\/td><td class=\"column-4\">2017-2021<\/td>\n<\/tr>\n<tr class=\"row-42\">\n\t<td class=\"column-1\">36.<\/td><td class=\"column-2\">Yannick<\/td><td class=\"column-3\">14<\/td><td class=\"column-4\">2023-2025<\/td>\n<\/tr>\n<tr class=\"row-43\">\n\t<td class=\"column-1\">42.<\/td><td class=\"column-2\">David G.<\/td><td class=\"column-3\">13<\/td><td class=\"column-4\">2018-2020<\/td>\n<\/tr>\n<tr class=\"row-44\">\n\t<td class=\"column-1\">42.<\/td><td class=\"column-2\">Jimmy<\/td><td class=\"column-3\">13<\/td><td class=\"column-4\">2008-2011<\/td>\n<\/tr>\n<tr class=\"row-45\">\n\t<td class=\"column-1\">42.<\/td><td class=\"column-2\">Georg<\/td><td class=\"column-3\">13<\/td><td class=\"column-4\">2022-2025<\/td>\n<\/tr>\n<tr class=\"row-46\">\n\t<td class=\"column-1\">45.<\/td><td class=\"column-2\">Doran<\/td><td class=\"column-3\">12<\/td><td class=\"column-4\">2016-2022<\/td>\n<\/tr>\n<tr class=\"row-47\">\n\t<td class=\"column-1\">45.<\/td><td class=\"column-2\">Steven<\/td><td class=\"column-3\">12<\/td><td class=\"column-4\">2022-2025<\/td>\n<\/tr>\n<tr class=\"row-48\">\n\t<td class=\"column-1\">45.<\/td><td class=\"column-2\">Ludwig<\/td><td class=\"column-3\">12<\/td><td class=\"column-4\">2024-2025<\/td>\n<\/tr>\n<tr class=\"row-49\">\n\t<td class=\"column-1\">48.<\/td><td class=\"column-2\">Richard<\/td><td class=\"column-3\">11<\/td><td class=\"column-4\">2016-2025<\/td>\n<\/tr>\n<tr class=\"row-50\">\n\t<td class=\"column-1\">48.<\/td><td class=\"column-2\">Susanne<\/td><td class=\"column-3\">11<\/td><td class=\"column-4\">2022-2025<\/td>\n<\/tr>\n<\/tbody>\n<\/table>\n<!-- #tablepress-10 from cache --><\/strong><\/p>\n\n\n\n<hr class=\"wp-block-separator has-css-opacity\"\/>\n\n\n\n<h5 class=\"wp-block-heading\">Spieler mit den meisten Titelbeteiligungen<\/h5>\n\n\n\n<p><strong>\n<table id=\"tablepress-18\" class=\"tablepress tablepress-id-18\">\n<thead>\n<tr class=\"row-1\">\n\t<th class=\"column-1\">Name<\/th><th class=\"column-2\">Anzahl<\/th><th class=\"column-3\">Stadtliga<\/th><th class=\"column-4\">Alternative Worldcup<\/th>\n<\/tr>\n<\/thead>\n<tbody class=\"row-striping row-hover\">\n<tr class=\"row-2\">\n\t<td class=\"column-1\">Murat<\/td><td class=\"column-2\">3<\/td><td class=\"column-3\">2010, 2020 <br \/>\n(5 Spiele, 6 Tore)<\/td><td class=\"column-4\">2015<br \/>\n(4 Tore)<\/td>\n<\/tr>\n<tr class=\"row-3\">\n\t<td class=\"column-1\">Armin<\/td><td class=\"column-2\">3<\/td><td class=\"column-3\">2010, 2020 (9 Spiele)<\/td><td class=\"column-4\">2015<\/td>\n<\/tr>\n<tr class=\"row-4\">\n\t<td class=\"column-1\">Mark L.<\/td><td class=\"column-2\">3<\/td><td class=\"column-3\">2010, 2020 (6 Spiele)<\/td><td class=\"column-4\">2015<\/td>\n<\/tr>\n<tr class=\"row-5\">\n\t<td class=\"column-1\">Liam<\/td><td class=\"column-2\">3<\/td><td class=\"column-3\">2010, 2020 (5 Spiele)<\/td><td class=\"column-4\">2015<\/td>\n<\/tr>\n<\/tbody>\n<\/table>\n<!-- #tablepress-18 from cache --><\/strong><\/p>\n","protected":false},"excerpt":{"rendered":"<p>Titel 2020 Meister Stadtliga Stuttgart 2015 Turniersieger Alternative Worldcup 2010 Meister Stadtliga Stuttgart Alle Erfolge Die Auflistung erfolgt chronologisch: 2022: 3. Platz beim Alternative Worldcup&hellip; <\/p>\n<p><a href=\"https:\/\/asv.teraz.de\/blog\/statistik\/hall-of-fame\/\" class=\"more-link\">Continue reading &rarr; <span class=\"screen-reader-text\">Hall of Fame<\/span><\/a><\/p>\n","protected":false},"author":1,"featured_media":0,"parent":150,"menu_order":1,"comment_status":"closed","ping_status":"open","template":"","meta":{"footnotes":""},"class_list":["post-655","page","type-page","status-publish","hentry"],"_links":{"self":[{"href":"https:\/\/asv.teraz.de\/blog\/wp-json\/wp\/v2\/pages\/655","targetHints":{"allow":["GET"]}}],"collection":[{"href":"https:\/\/asv.teraz.de\/blog\/wp-json\/wp\/v2\/pages"}],"about":[{"href":"https:\/\/asv.teraz.de\/blog\/wp-json\/wp\/v2\/types\/page"}],"author":[{"embeddable":true,"href":"https:\/\/asv.teraz.de\/blog\/wp-json\/wp\/v2\/users\/1"}],"replies":[{"embeddable":true,"href":"https:\/\/asv.teraz.de\/blog\/wp-json\/wp\/v2\/comments?post=655"}],"version-history":[{"count":35,"href":"https:\/\/asv.teraz.de\/blog\/wp-json\/wp\/v2\/pages\/655\/revisions"}],"predecessor-version":[{"id":2091,"href":"https:\/\/asv.teraz.de\/blog\/wp-json\/wp\/v2\/pages\/655\/revisions\/2091"}],"up":[{"embeddable":true,"href":"https:\/\/asv.teraz.de\/blog\/wp-json\/wp\/v2\/pages\/150"}],"wp:attachment":[{"href":"https:\/\/asv.teraz.de\/blog\/wp-json\/wp\/v2\/media?parent=655"}],"curies":[{"name":"wp","href":"https:\/\/api.w.org\/{rel}","templated":true}]}}